{"id":1945,"date":"2022-09-29T14:20:56","date_gmt":"2022-09-29T14:20:56","guid":{"rendered":"https:\/\/lemie.gr\/privacy-policy\/"},"modified":"2022-10-17T10:23:37","modified_gmt":"2022-10-17T10:23:37","slug":"privacy-policy","status":"publish","type":"page","link":"https:\/\/lemie.gr\/de\/privacy-policy\/","title":{"rendered":"Datenschutz"},"content":{"rendered":"\t\t<div data-elementor-type=\"wp-page\" data-elementor-id=\"1945\" class=\"elementor elementor-1945 elementor-3\" data-elementor-post-type=\"page\">\n\t\t\t\t\t\t<section class=\"elementor-section elementor-top-section elementor-element elementor-element-f9a014f elementor-section-boxed elementor-section-height-default elementor-section-height-default\" data-id=\"f9a014f\" data-element_type=\"section\" data-e-type=\"section\" data-settings=\"{&quot;background_background&quot;:&quot;classic&quot;,&quot;shape_divider_bottom&quot;:&quot;wave-brush&quot;}\">\n\t\t\t\t\t\t\t<div class=\"elementor-background-overlay\"><\/div>\n\t\t\t\t\t\t<div class=\"elementor-shape elementor-shape-bottom\" aria-hidden=\"true\" data-negative=\"false\">\n\t\t\t<svg xmlns=\"http:\/\/www.w3.org\/2000\/svg\" viewBox=\"0 0 283.5 27.8\" preserveAspectRatio=\"none\">\n\t<path class=\"elementor-shape-fill\" d=\"M283.5,9.7c0,0-7.3,4.3-14,4.6c-6.8,0.3-12.6,0-20.9-1.5c-11.3-2-33.1-10.1-44.7-5.7\ts-12.1,4.6-18,7.4c-6.6,3.2-20,9.6-36.6,9.3C131.6,23.5,99.5,7.2,86.3,8c-1.4,0.1-6.6,0.8-10.5,2c-3.8,1.2-9.4,3.8-17,4.7\tc-3.2,0.4-8.3,1.1-14.2,0.9c-1.5-0.1-6.3-0.4-12-1.6c-5.7-1.2-11-3.1-15.8-3.7C6.5,9.2,0,10.8,0,10.8V0h283.5V9.7z M260.8,11.3\tc-0.7-1-2-0.4-4.3-0.4c-2.3,0-6.1-1.2-5.8-1.1c0.3,0.1,3.1,1.5,6,1.9C259.7,12.2,261.4,12.3,260.8,11.3z M242.4,8.6\tc0,0-2.4-0.2-5.6-0.9c-3.2-0.8-10.3-2.8-15.1-3.5c-8.2-1.1-15.8,0-15.1,0.1c0.8,0.1,9.6-0.6,17.6,1.1c3.3,0.7,9.3,2.2,12.4,2.7\tC239.9,8.7,242.4,8.6,242.4,8.6z M185.2,8.5c1.7-0.7-13.3,4.7-18.5,6.1c-2.1,0.6-6.2,1.6-10,2c-3.9,0.4-8.9,0.4-8.8,0.5\tc0,0.2,5.8,0.8,11.2,0c5.4-0.8,5.2-1.1,7.6-1.6C170.5,14.7,183.5,9.2,185.2,8.5z M199.1,6.9c0.2,0-0.8-0.4-4.8,1.1\tc-4,1.5-6.7,3.5-6.9,3.7c-0.2,0.1,3.5-1.8,6.6-3C197,7.5,199,6.9,199.1,6.9z M283,6c-0.1,0.1-1.9,1.1-4.8,2.5s-6.9,2.8-6.7,2.7\tc0.2,0,3.5-0.6,7.4-2.5C282.8,6.8,283.1,5.9,283,6z M31.3,11.6c0.1-0.2-1.9-0.2-4.5-1.2s-5.4-1.6-7.8-2C15,7.6,7.3,8.5,7.7,8.6\tC8,8.7,15.9,8.3,20.2,9.3c2.2,0.5,2.4,0.5,5.7,1.6S31.2,11.9,31.3,11.6z M73,9.2c0.4-0.1,3.5-1.6,8.4-2.6c4.9-1.1,8.9-0.5,8.9-0.8\tc0-0.3-1-0.9-6.2-0.3S72.6,9.3,73,9.2z M71.6,6.7C71.8,6.8,75,5.4,77.3,5c2.3-0.3,1.9-0.5,1.9-0.6c0-0.1-1.1-0.2-2.7,0.2\tC74.8,5.1,71.4,6.6,71.6,6.7z M93.6,4.4c0.1,0.2,3.5,0.8,5.6,1.8c2.1,1,1.8,0.6,1.9,0.5c0.1-0.1-0.8-0.8-2.4-1.3\tC97.1,4.8,93.5,4.2,93.6,4.4z M65.4,11.1c-0.1,0.3,0.3,0.5,1.9-0.2s2.6-1.3,2.2-1.2s-0.9,0.4-2.5,0.8C65.3,10.9,65.5,10.8,65.4,11.1\tz M34.5,12.4c-0.2,0,2.1,0.8,3.3,0.9c1.2,0.1,2,0.1,2-0.2c0-0.3-0.1-0.5-1.6-0.4C36.6,12.8,34.7,12.4,34.5,12.4z M152.2,21.1\tc-0.1,0.1-2.4-0.3-7.5-0.3c-5,0-13.6-2.4-17.2-3.5c-3.6-1.1,10,3.9,16.5,4.1C150.5,21.6,152.3,21,152.2,21.1z\"\/>\n\t<path class=\"elementor-shape-fill\" d=\"M269.6,18c-0.1-0.1-4.6,0.3-7.2,0c-7.3-0.7-17-3.2-16.6-2.9c0.4,0.3,13.7,3.1,17,3.3\tC267.7,18.8,269.7,18,269.6,18z\"\/>\n\t<path class=\"elementor-shape-fill\" d=\"M227.4,9.8c-0.2-0.1-4.5-1-9.5-1.2c-5-0.2-12.7,0.6-12.3,0.5c0.3-0.1,5.9-1.8,13.3-1.2\tS227.6,9.9,227.4,9.8z\"\/>\n\t<path class=\"elementor-shape-fill\" d=\"M204.5,13.4c-0.1-0.1,2-1,3.2-1.1c1.2-0.1,2,0,2,0.3c0,0.3-0.1,0.5-1.6,0.4\tC206.4,12.9,204.6,13.5,204.5,13.4z\"\/>\n\t<path class=\"elementor-shape-fill\" d=\"M201,10.6c0-0.1-4.4,1.2-6.3,2.2c-1.9,0.9-6.2,3.1-6.1,3.1c0.1,0.1,4.2-1.6,6.3-2.6\tS201,10.7,201,10.6z\"\/>\n\t<path class=\"elementor-shape-fill\" d=\"M154.5,26.7c-0.1-0.1-4.6,0.3-7.2,0c-7.3-0.7-17-3.2-16.6-2.9c0.4,0.3,13.7,3.1,17,3.3\tC152.6,27.5,154.6,26.8,154.5,26.7z\"\/>\n\t<path class=\"elementor-shape-fill\" d=\"M41.9,19.3c0,0,1.2-0.3,2.9-0.1c1.7,0.2,5.8,0.9,8.2,0.7c4.2-0.4,7.4-2.7,7-2.6\tc-0.4,0-4.3,2.2-8.6,1.9c-1.8-0.1-5.1-0.5-6.7-0.4S41.9,19.3,41.9,19.3z\"\/>\n\t<path class=\"elementor-shape-fill\" d=\"M75.5,12.6c0.2,0.1,2-0.8,4.3-1.1c2.3-0.2,2.1-0.3,2.1-0.5c0-0.1-1.8-0.4-3.4,0\tC76.9,11.5,75.3,12.5,75.5,12.6z\"\/>\n\t<path class=\"elementor-shape-fill\" d=\"M15.6,13.2c0-0.1,4.3,0,6.7,0.5c2.4,0.5,5,1.9,5,2c0,0.1-2.7-0.8-5.1-1.4\tC19.9,13.7,15.7,13.3,15.6,13.2z\"\/>\n<\/svg>\t\t<\/div>\n\t\t\t\t\t<div class=\"elementor-container elementor-column-gap-no\">\n\t\t\t\t\t<div class=\"elementor-column elementor-col-100 elementor-top-column elementor-element elementor-element-50fd977\" data-id=\"50fd977\" data-element_type=\"column\" data-e-type=\"column\">\n\t\t\t<div class=\"elementor-widget-wrap elementor-element-populated\">\n\t\t\t\t\t\t<div class=\"elementor-element elementor-element-cc1dd0c elementor-widget elementor-widget-heading\" data-id=\"cc1dd0c\" data-element_type=\"widget\" data-e-type=\"widget\" data-widget_type=\"heading.default\">\n\t\t\t\t<div class=\"elementor-widget-container\">\n\t\t\t\t\t<h1 class=\"elementor-heading-title elementor-size-default\">Datenschutz<\/h1>\t\t\t\t<\/div>\n\t\t\t\t<\/div>\n\t\t\t\t\t<\/div>\n\t\t<\/div>\n\t\t\t\t\t<\/div>\n\t\t<\/section>\n\t\t\t\t<section class=\"elementor-section elementor-top-section elementor-element elementor-element-99e2123 elementor-section-boxed elementor-section-height-default elementor-section-height-default\" data-id=\"99e2123\" data-element_type=\"section\" data-e-type=\"section\">\n\t\t\t\t\t\t<div class=\"elementor-container elementor-column-gap-default\">\n\t\t\t\t\t<div class=\"elementor-column elementor-col-100 elementor-top-column elementor-element elementor-element-4b57b04\" data-id=\"4b57b04\" data-element_type=\"column\" data-e-type=\"column\">\n\t\t\t<div class=\"elementor-widget-wrap elementor-element-populated\">\n\t\t\t\t\t\t<div class=\"elementor-element elementor-element-2eb9448 elementor-widget elementor-widget-text-editor\" data-id=\"2eb9448\" data-element_type=\"widget\" data-e-type=\"widget\" data-widget_type=\"text-editor.default\">\n\t\t\t\t<div class=\"elementor-widget-container\">\n\t\t\t\t\t\t\t\t\t<h3><strong>1. Allgemein<\/strong><\/h3><p>Die Nutzung der elektronischen Seiten und Dienste, die dem Besucher\/Benutzer von der Website <strong>lemie.gr<\/strong> zur Verf\u00fcgung gestellt werden, setzt Ihre vorbehaltlose Zustimmung zu den folgenden Nutzungsbedingungen voraus, die f\u00fcr den gesamten Inhalt der spezifischen Website gelten. Daher muss der Besucher\/Benutzer diese Bedingungen sorgf\u00e4ltig lesen, bevor er die Dienste der Website nutzt, und wenn er nicht damit einverstanden ist, darf er die Dienste und deren Inhalt nicht nutzen. Der Besucher\/Nutzer wird gebeten, den Inhalt der Nutzungsbedingungen auf m\u00f6gliche \u00c4nderungen zu \u00fcberpr\u00fcfen.<\/p><p>Wir werden unsere Kunden oder Besucher\/Benutzer unserer Website nicht ausdr\u00fccklich auf diese \u00c4nderungen hinweisen. Stattdessen empfehlen wir Ihnen, diese Seite regelm\u00e4\u00dfig auf Richtlinien\u00e4nderungen zu \u00fcberpr\u00fcfen. Die fortgesetzte Nutzung der Website <strong>lemie.gr<\/strong> auch nach \u00c4nderungen bedeutet die vorbehaltlose Annahme dieser Bedingungen durch den Besucher\/Benutzer.<br \/>Schutz personenbezogener Daten \u2013 Relevante Rechtsvorschriften.<\/p><h3><strong>2. Schutz personenbezogener Daten \u2013 Relevante Rechtsvorschriften.<\/strong><\/h3><p>Wir erheben und verarbeiten Ihre personenbezogenen Daten nur, wenn dies unbedingt erforderlich ist. Wir werden Ihre personenbezogenen Daten niemals verkaufen, vermieten, verteilen oder anderweitig ver\u00f6ffentlichen. Wenn Sie unter 16 Jahre alt sind, m\u00fcssen Sie die Zustimmung Ihrer Eltern einholen, bevor Sie die Dienste dieser Website nutzen. Neben den internen IT-Systemen unseres Unternehmens wurde diese Website so gestaltet, dass sie die folgenden Gesetze\/Verordnungen zum Schutz personenbezogener Daten der Benutzer einh\u00e4lt: EU-Datenschutzrichtlinie 1995 (DPD). EU-Datenschutz-Grundverordnung (DSGVO) 2018.<\/p><h3><strong>3. Personenbezogene Daten, die diese Website sammelt und warum wir sie sammeln<\/strong><\/h3><p>Diese Website sammelt und verwendet personenbezogene Daten aus folgenden Gr\u00fcnden:<\/p><p><strong>3.1 Aktivit\u00e4ten\u00fcberwachung<\/strong><\/p><p>Die Website verwendet Google Analytics (GA), um die Aktivit\u00e4ten ihrer Besucher\/Benutzer zu verfolgen. Wir verwenden diese Daten, um die Anzahl der Personen zu ermitteln, die unsere Website nutzen, um besser zu verstehen, wie sie unsere Websites finden und nutzen, und um ihre Reise durch die Website zu verfolgen.<\/p><p>Obwohl GA Daten wie Ihren geografischen Standort, Ihr Ger\u00e4t, Ihren Webbrowser und Ihr Betriebssystem aufzeichnet, macht Sie keine dieser Informationen f\u00fcr uns pers\u00f6nlich identifizierbar. GA zeichnet auch die IP-Adresse Ihres Computers auf, die verwendet werden k\u00f6nnte, um Sie zu identifizieren, aber Google gibt uns keinen Zugriff darauf. Wir betrachten Google als einen externen Datenverarbeiter, der mit den Anforderungen der europ\u00e4ischen Gesetzgebung vereinbar ist.<\/p><p><strong>3.2 Kontaktformulare und E-Mail-Links<\/strong><\/p><p>Wenn Sie uns \u00fcber ein Kontaktformular oder einen Link in unserer E-Mail kontaktieren, werden keine der von Ihnen angegebenen Daten von dieser Website gespeichert oder von einem externen Datenverarbeiter \u00fcbertragen oder verarbeitet. Stattdessen werden diese Daten in einer E-Mail-Nachricht \u00fcber SMTP (Simple Mail Transfer Protocol) an uns gesendet. Unsere SMTP-Server sind durch das TLS-Sicherheitsprotokoll gesch\u00fctzt, was bedeutet, dass E-Mail-Inhalte verschl\u00fcsselt werden, bevor sie \u00fcber das Internet gesendet werden. E-Mail-Inhalte werden von unseren lokalen Computern und Ger\u00e4ten entschl\u00fcsselt.<\/p><h3><strong>4. \u00dcber Cookies<\/strong><\/h3><p><strong>4. Was ist ein Cookie?<\/strong><\/p><p>Der Begriff &#8222;Cookie&#8220; bezieht sich auf eine kleine Datei, die ausschlie\u00dflich aus einer Reihe von Informationen in Textform besteht, welche die Website an Ihren Webbrowser auf der Festplatte Ihres Computers \u00fcbertr\u00e4gt, entweder vor\u00fcbergehend w\u00e4hrend Ihres Besuchs oder manchmal f\u00fcr l\u00e4ngere Zeitr\u00e4ume, je nach Art des Cookies. Cookies f\u00fchren verschiedene Funktionen aus (z. B. um Sie von anderen Besuchern derselben Website zu unterscheiden oder sich bestimmte Dinge \u00fcber Sie zu merken, z. B. Ihre Pr\u00e4ferenzen) und werden von den meisten Websites verwendet, um Ihre Benutzererfahrung zu verbessern. Jedes Cookie ist einmalig f\u00fcr Ihren Browser und enth\u00e4lt bestimmte anonyme Informationen. Ein Cookie enth\u00e4lt normalerweise den Namen des Feldes, aus dem das Cookie stammt, die \u201eLebensdauer\u201c des Cookies und einen Wert (normalerweise in Form einer zuf\u00e4llig generierten eindeutigen Nummer).<\/p><p><strong>4.2 Arten von Cookies<\/strong><\/p><p>Die wichtigsten Arten von Cookies, die Websites verwenden k\u00f6nnen, werden im Folgenden beschrieben:<\/p><p><strong>\u2013 Besuchs-Cookies (session cookies)<\/strong><\/p><p>Dies sind tempor\u00e4re Cookies, die nur w\u00e4hrend Ihres Besuchs in der Cookie-Datei des Browsers Ihres Ger\u00e4ts verbleiben und gel\u00f6scht werden, wenn Sie den Browser schlie\u00dfen.<\/p><p><strong>\u2013 Persistente Cookies (persistent cookies)<\/strong><\/p><p>Diese bleiben auch nach dem Schlie\u00dfen des Browsers in der Browser-Cookie-Datei Ihres Ger\u00e4ts, manchmal f\u00fcr ein Jahr oder l\u00e4nger (die genaue Verweildauer h\u00e4ngt von der Lebensdauer jedes Cookies ab). Permanente Cookies werden verwendet, wenn der Website-Administrator m\u00f6glicherweise wissen muss, wer Sie f\u00fcr mehr als einen Besuch sind (z. B. um sich Ihren Benutzernamen oder Ihre Website-Anpassungseinstellungen zu merken).<\/p><p><strong>\u2013 Erstanbieter-Cookies (First-party cookies)<\/strong><\/p><p>Dies sind Cookies, die von der Website, die Sie besuchen, in Ihrem Browser und\/oder auf der Festplatte Ihres Ger\u00e4ts installiert werden. Dazu geh\u00f6rt die Zuweisung einer eindeutigen Kennung an Sie, um Ihr Surfen auf der Website zu verfolgen. Website-Betreiber verwenden h\u00e4ufig First-Party-Cookies zur Verwaltung der Besuche und zu Identifizierungszwecken.<\/p><p><strong>\u2013 Cookies von Drittanbietern (Third-party cookies)<\/strong><\/p><p>Dies sind Cookies, die von Drittanbietern verwendet werden, wie z.B. soziale Netzwerke, um Ihre Besuche auf den verschiedenen Websites, auf denen sie werben, zu verfolgen. Der Website-Administrator hat keine Kontrolle \u00fcber diese Drittanbieter-Cookies.<\/p><p><strong>4.3 Cookies auf dieser Website und wie man sie verwaltet<\/strong><\/p><p>Hier finden Sie Informationen zu den Cookies von Drittanbietern, die wir auf dieser Website verwenden, einschlie\u00dflich deren Deaktivierung und wie sich ihre Deaktivierung auf die Funktionalit\u00e4t der Website auswirkt. Wenn Sie weitere Informationen dar\u00fcber w\u00fcnschen, wie Sie bestimmte Arten von Cookies verwalten, einschlie\u00dflich deren Kontrolle oder L\u00f6schung, besuchen Sie bitte https:\/\/aboutcookies.org\/. Sie k\u00f6nnen alle Cookies l\u00f6schen, die sich bereits auf Ihrem Computer befinden, sowie die meisten Webbrowser so einstellen, dass sie die Installation von Cookies nicht zulassen. In diesem Fall m\u00fcssen Sie jedoch m\u00f6glicherweise einige Einstellungen bei jedem Besuch einer Website selbst anpassen, und einige Dienste funktionieren m\u00f6glicherweise auch nicht.<\/p><p><strong>\u2013 Cookies des Google Analytics-Dienstes<\/strong><\/p><p>Google Analytics (GA) verwendet Analyse-\/Performance-Tracking-Cookies, die es uns erm\u00f6glichen, anonyme Informationen dar\u00fcber zu sammeln, wie Besucher unsere Website nutzen. Diese Cookies k\u00f6nnen uns mitteilen, wie viele Besucher die Website nutzen, die Zeit und Dauer des Zugriffs und auch Informationen dar\u00fcber liefern, wie Besucher durch die verschiedenen Teile der Website navigieren. Diese Informationen helfen uns, die Funktionsweise unserer Website zu verbessern. Es handelt sich um anonyme Informationen und enth\u00e4lt keine personenbezogenen Daten. Die durch GA-Cookies gesammelten Informationen \u00fcber unsere Website werden gem\u00e4\u00df der Datenschutzerkl\u00e4rung von Google an Google-Server \u00fcbertragen und dort gespeichert. Durch das Deaktivieren von Cookies in Ihrem Browser wird GA daran gehindert, einen Teil Ihres Besuchs auf Seiten dieser Website zu verfolgen. Weitere Einzelheiten \u00fcber den GA-Dienst und die von ihm verwendeten Cookies finden Sie unter den folgenden Links:<\/p><p><a href=\"https:\/\/support.google.com\/analytics\/answer\/6004245\" target=\"_blank\" rel=\"noopener\">https:\/\/support.google.com\/analytics\/answer\/6004245<\/a><\/p><p><a href=\"https:\/\/developers.google.com\/analytics\/devguides\/collection\/analyticsjs\/cookie-usage\" target=\"_blank\" rel=\"noopener\">https:\/\/developers.google.com\/analytics\/devguides\/collection\/analyticsjs\/cookie-usage<\/a><\/p><p>Sie k\u00f6nnen das Tracking durch Google Analytics deaktivieren, indem Sie hier klicken. Wenn Sie diese Cookies deaktivieren, wird Ihre Nutzung der Website weder gez\u00e4hlt noch in den Statistiken verwendet, die wir sammeln, um die Dienste zu verbessern, die wir \u00fcber die Website anbieten. Der Betrieb der Website wird nicht beeintr\u00e4chtigt.<\/p><p><strong>\u2013 Cookies von Videodienstanbietern<\/strong><\/p><p>Diese Anbieter k\u00f6nnen Cookies auf Ihrem Ger\u00e4t platzieren, wenn Sie Videos auf unserer Website ansehen, die sie uns als externe Dienstleistung zur Verf\u00fcgung stellen. Wenn Sie diese Cookies deaktivieren, k\u00f6nnen Sie eingebettete Videos von unserer Website m\u00f6glicherweise nicht anzeigen.<\/p><h3><strong>5. Wie wir Ihre personenbezogenen Daten verwalten<\/strong><\/h3><p>Bei <strong>lemie.gr<\/strong> priorisieren wir den Schutz Ihrer pers\u00f6nlichen Daten und halten uns an die europ\u00e4ische Datenschutz-Grundverordnung (DSGVO). Wir haben die technischen Ma\u00dfnahmen ergriffen, die den Schutz personenbezogener Daten w\u00e4hrend ihrer \u00dcbertragung, Verwaltung und Speicherung gew\u00e4hrleisten, aber die Natur des Internets ist so, dass nichts einen absoluten Schutz garantieren kann. Aus diesem Grund k\u00f6nnen Sie uns auch auf alternativen Wegen (z. B. telefonisch) kontaktieren.<\/p><h3><strong>6. Welche Rechte haben Sie in Bezug auf Ihre personenbezogenen Daten?<\/strong><\/h3><p>Sie haben das Recht, eine Kl\u00e4rung der Informationen zu verlangen, die wir \u00fcber Sie erfassen, und uns zu bitten, Ungenauigkeiten in diesen Informationen zu korrigieren, der Verarbeitung zu widersprechen oder die Einschr\u00e4nkung der Verarbeitung zu verlangen und den Zugriff auf, die L\u00f6schung oder die \u00dcbertragbarkeit Ihrer Informationen zu verlangen. Dies umfasst keine Daten, zu deren Aufbewahrung wir aus administrativen, rechtlichen oder Sicherheitsgr\u00fcnden verpflichtet sind.<\/p><p>Nach den Gesetzen bestimmter Gerichtsbarkeiten k\u00f6nnen wir die Bearbeitung von Anfragen ablehnen, die sich unangemessen wiederholen, einen unverh\u00e4ltnism\u00e4\u00dfigen technischen Aufwand erfordern, den Datenschutz anderer gef\u00e4hrden, undurchf\u00fchrbar sind oder der Zugriff nicht anderweitig durch lokale Gesetze vorgeschrieben ist.<\/p><p>Wenn Sie der Meinung sind, dass unsere Verarbeitung Ihrer personenbezogenen Daten gegen geltendes Recht verst\u00f6\u00dft, k\u00f6nnen Sie eine Beschwerde bei der zust\u00e4ndigen Aufsichtsbeh\u00f6rde einreichen. Die Kontaktdaten aller EU-Aufsichtsbeh\u00f6rden finden Sie hier.<\/p><h3><strong>7. Datenschutzverletzungen<\/strong><\/h3><p>F\u00fcr alle Ihre pers\u00f6nlichen Daten, die in unserer Datenbank gespeichert sind, werden alle notwendigen Ma\u00dfnahmen ergriffen, um sie zu sichern. Wir werden jeden rechtswidrigen Versto\u00df gegen die Datenbank dieser Website oder die Datenbank eines Drittdatenverarbeiters allen direkt Betroffenen sowie den Beh\u00f6rden innerhalb von 72 Stunden nach dem Versto\u00df melden, sofern es offensichtlich ist, dass die personenbezogenen Daten die in einem erkennbaren Format gespeichert sind, gestohlen wurden.<\/p><h3><strong>8. \u00dcber den Server dieser Website<\/strong><\/h3><p>Der gesamte Internetverkehr (Datei\u00fcbertragung) zwischen dieser Website und Ihrem Browser wird verschl\u00fcsselt und \u00fcber das HTTPS-Protokoll mit SSL (Secure Sockets Layer) \u00fcbertragen.<\/p><h3><strong>9. Links und Produkte von Drittanbietern auf unserer Website<\/strong><\/h3><p>Unsere Website enth\u00e4lt Links (web-links) zu anderen Websites. Wir sind nicht verantwortlich f\u00fcr die Datenschutzbestimmungen und die Verwendung personenbezogener Daten, die von jeder Website befolgt werden. Sie sollten Vorsicht walten lassen und die Datenschutzerkl\u00e4rungen lesen, die f\u00fcr die von Ihnen verwendeten Websites und Dienste von Drittanbietern gelten.<\/p><h3><strong>10. Nutzungsbedingungen<\/strong><\/h3><p>Die Website <strong>lemie.gr<\/strong> enth\u00e4lt Material, das dem Unternehmen geh\u00f6rt. Dieses Material umfasst Design, Layout, Aussehen, Grafiken, Fotos und Text der einzelnen Seiten. Jegliche Vervielf\u00e4ltigung des oben genannten Materials zu kommerziellen Zwecken ohne die vorherige ausdr\u00fcckliche schriftliche Zustimmung des Unternehmens ist strengstens untersagt.<\/p>\t\t\t\t\t\t\t\t<\/div>\n\t\t\t\t<\/div>\n\t\t\t\t\t<\/div>\n\t\t<\/div>\n\t\t\t\t\t<\/div>\n\t\t<\/section>\n\t\t\t\t<\/div>\n\t\t","protected":false},"excerpt":{"rendered":"<p>Datenschutz 1. Allgemein Die Nutzung der elektronischen Seiten und Dienste, die dem Besucher\/Benutzer von der Website lemie.gr zur Verf\u00fcgung gestellt werden, setzt Ihre vorbehaltlose Zustimmung zu den folgenden Nutzungsbedingungen voraus, die f\u00fcr den gesamten Inhalt der spezifischen Website gelten. Daher muss der Besucher\/Benutzer diese Bedingungen sorgf\u00e4ltig lesen, bevor er die Dienste der Website nutzt, und [&hellip;]<\/p>\n","protected":false},"author":1,"featured_media":0,"parent":0,"menu_order":0,"comment_status":"closed","ping_status":"closed","template":"","meta":{"site-sidebar-layout":"no-sidebar","site-content-layout":"page-builder","ast-site-content-layout":"default","site-content-style":"default","site-sidebar-style":"default","ast-global-header-display":"","ast-banner-title-visibility":"","ast-main-header-display":"","ast-hfb-above-header-display":"","ast-hfb-below-header-display":"","ast-hfb-mobile-header-display":"","site-post-title":"disabled","ast-breadcrumbs-content":"","ast-featured-img":"disabled","footer-sml-layout":"","ast-disable-related-posts":"","theme-transparent-header-meta":"default","adv-header-id-meta":"","stick-header-meta":"","header-above-stick-meta":"","header-main-stick-meta":"","header-below-stick-meta":"","astra-migrate-meta-layouts":"default","ast-page-background-enabled":"default","ast-page-background-meta":{"desktop":{"background-color":"","background-image":"","background-repeat":"repeat","background-position":"center center","background-size":"auto","background-attachment":"scroll","background-type":"","background-media":"","overlay-type":"","overlay-color":"","overlay-opacity":"","overlay-gradient":""},"tablet":{"background-color":"","background-image":"","background-repeat":"repeat","background-position":"center center","background-size":"auto","background-attachment":"scroll","background-type":"","background-media":"","overlay-type":"","overlay-color":"","overlay-opacity":"","overlay-gradient":""},"mobile":{"background-color":"","background-image":"","background-repeat":"repeat","background-position":"center center","background-size":"auto","background-attachment":"scroll","background-type":"","background-media":"","overlay-type":"","overlay-color":"","overlay-opacity":"","overlay-gradient":""}},"ast-content-background-meta":{"desktop":{"background-color":"var(--ast-global-color-5)","background-image":"","background-repeat":"repeat","background-position":"center center","background-size":"auto","background-attachment":"scroll","background-type":"","background-media":"","overlay-type":"","overlay-color":"","overlay-opacity":"","overlay-gradient":""},"tablet":{"background-color":"var(--ast-global-color-5)","background-image":"","background-repeat":"repeat","background-position":"center center","background-size":"auto","background-attachment":"scroll","background-type":"","background-media":"","overlay-type":"","overlay-color":"","overlay-opacity":"","overlay-gradient":""},"mobile":{"background-color":"var(--ast-global-color-5)","background-image":"","background-repeat":"repeat","background-position":"center center","background-size":"auto","background-attachment":"scroll","background-type":"","background-media":"","overlay-type":"","overlay-color":"","overlay-opacity":"","overlay-gradient":""}},"footnotes":""},"class_list":["post-1945","page","type-page","status-publish","hentry"],"_links":{"self":[{"href":"https:\/\/lemie.gr\/de\/wp-json\/wp\/v2\/pages\/1945","targetHints":{"allow":["GET"]}}],"collection":[{"href":"https:\/\/lemie.gr\/de\/wp-json\/wp\/v2\/pages"}],"about":[{"href":"https:\/\/lemie.gr\/de\/wp-json\/wp\/v2\/types\/page"}],"author":[{"embeddable":true,"href":"https:\/\/lemie.gr\/de\/wp-json\/wp\/v2\/users\/1"}],"replies":[{"embeddable":true,"href":"https:\/\/lemie.gr\/de\/wp-json\/wp\/v2\/comments?post=1945"}],"version-history":[{"count":22,"href":"https:\/\/lemie.gr\/de\/wp-json\/wp\/v2\/pages\/1945\/revisions"}],"predecessor-version":[{"id":2004,"href":"https:\/\/lemie.gr\/de\/wp-json\/wp\/v2\/pages\/1945\/revisions\/2004"}],"wp:attachment":[{"href":"https:\/\/lemie.gr\/de\/wp-json\/wp\/v2\/media?parent=1945"}],"curies":[{"name":"wp","href":"https:\/\/api.w.org\/{rel}","templated":true}]}}